{"id":11576,"date":"2019-05-07T14:00:13","date_gmt":"2019-05-07T14:00:13","guid":{"rendered":"https:\/\/chacaramartinazzo.com.br\/site1\/?page_id=11576"},"modified":"2025-02-06T18:33:40","modified_gmt":"2025-02-06T18:33:40","slug":"a-chacara-martinazzo","status":"publish","type":"page","link":"https:\/\/chacaramartinazzo.com.br\/site1\/a-chacara-martinazzo\/","title":{"rendered":"A Ch\u00e1cara Martinazzo"},"content":{"rendered":"<p>[vc_row][vc_column][vc_empty_space height=&#8221;350px&#8221;][vc_custom_heading text=&#8221;A Ch\u00e1cara Martinazzo&#8221; font_container=&#8221;tag:h2|text_align:center&#8221; google_fonts=&#8221;font_family:Pacifico%3Aregular|font_style:400%20regular%3A400%3Anormal&#8221;][vc_empty_space height=&#8221;80px&#8221;][\/vc_column][\/vc_row][vc_row][vc_column width=&#8221;1\/6&#8243;][\/vc_column][vc_column width=&#8221;2\/3&#8243;][vc_column_text]<\/p>\n<p style=\"text-align: center;\"><strong>Bu\ufb00et Cha\u0301cara Martinazzo<\/strong><\/p>\n<p style=\"text-align: center;\">Um local que por anos reuniram-se amigos e familiares em comemora\u00e7o\u0303es que trouxeram lindas histo\u0301rias de amor, felicidade, e unia\u0303o.<br \/>\nA ideia de compartilhar esse lugar cheio de boas memo\u0301rias com outras pessoas trouxe o sonho de transforma\u0301-lo em um espa\u00e7o para eventos, e assim surgiu em 1999 o Bu\ufb00et Cha\u0301cara Martinazzo.<\/p>\n<p>[\/vc_column_text][vc_column_text]<\/p>\n<p style=\"text-align: center;\"><strong>Nossa Estrutura<\/strong><\/p>\n<p>[\/vc_column_text][vc_column_text]<\/p>\n<p style=\"text-align: center;\">A Ch\u00e1cara Martinazzo possui 2 sal\u00f5es em alvenaria com capacidade total para 150 pessoas, conta com uma ampla \u00e1rea verde onde acontecem lindas cerim\u00f4nias ao ar livre e muitas delas s\u00e3o em nosso pergolado que foi projetado para a realiza\u00e7\u00e3o de mini weddings.<br \/>\nPossu\u00edmos ainda uma completa estrutura de lazer com campo de futebol, quadra de v\u00f4lei, mini playground e piscina<\/p>\n<p>[\/vc_column_text][\/vc_column][vc_column width=&#8221;1\/6&#8243;][\/vc_column][\/vc_row]<\/p>\n","protected":false},"excerpt":{"rendered":"<p>[vc_row][vc_column][vc_empty_space height=&#8221;350px&#8221;][vc_custom_heading text=&#8221;A Ch\u00e1cara Martinazzo&#8221; font_container=&#8221;tag:h2|text_align:center&#8221; google_fonts=&#8221;font_family:Pacifico%3Aregular|font_style:400%20regular%3A400%3Anormal&#8221;][vc_empty_space height=&#8221;80px&#8221;][\/vc_column][\/vc_row][vc_row][vc_column width=&#8221;1\/6&#8243;][\/vc_column][vc_column width=&#8221;2\/3&#8243;][vc_column_text] Bu\ufb00et Cha\u0301cara Martinazzo Um local que por anos reuniram-se amigos e familiares em comemora\u00e7o\u0303es que trouxeram lindas histo\u0301rias de amor,&#8230;<\/p>\n","protected":false},"author":1,"featured_media":0,"parent":0,"menu_order":0,"comment_status":"closed","ping_status":"closed","template":"","meta":{"footnotes":""},"class_list":["post-11576","page","type-page","status-publish","hentry"],"_links":{"self":[{"href":"https:\/\/chacaramartinazzo.com.br\/site1\/wp-json\/wp\/v2\/pages\/11576"}],"collection":[{"href":"https:\/\/chacaramartinazzo.com.br\/site1\/wp-json\/wp\/v2\/pages"}],"about":[{"href":"https:\/\/chacaramartinazzo.com.br\/site1\/wp-json\/wp\/v2\/types\/page"}],"author":[{"embeddable":true,"href":"https:\/\/chacaramartinazzo.com.br\/site1\/wp-json\/wp\/v2\/users\/1"}],"replies":[{"embeddable":true,"href":"https:\/\/chacaramartinazzo.com.br\/site1\/wp-json\/wp\/v2\/comments?post=11576"}],"version-history":[{"count":14,"href":"https:\/\/chacaramartinazzo.com.br\/site1\/wp-json\/wp\/v2\/pages\/11576\/revisions"}],"predecessor-version":[{"id":12315,"href":"https:\/\/chacaramartinazzo.com.br\/site1\/wp-json\/wp\/v2\/pages\/11576\/revisions\/12315"}],"wp:attachment":[{"href":"https:\/\/chacaramartinazzo.com.br\/site1\/wp-json\/wp\/v2\/media?parent=11576"}],"curies":[{"name":"wp","href":"https:\/\/api.w.org\/{rel}","templated":true}]}}